{"id":78,"date":"2020-09-11T17:38:08","date_gmt":"2020-09-11T17:38:08","guid":{"rendered":"http:\/\/klbtheme.com\/medibazar\/?post_type=product&#038;p=78"},"modified":"2023-06-22T05:17:02","modified_gmt":"2023-06-22T02:17:02","slug":"sunumluk-sepet","status":"publish","type":"product","link":"https:\/\/ferhome.com.tr\/index.php\/product\/sunumluk-sepet\/","title":{"rendered":"Sunumluk Sepet"},"content":{"rendered":"<p>Ferhome Sunumluk Sepet ile misafir ve konuklar\u0131n\u0131za \u015f\u0131k sunumlar yapabilirsiniz.<\/p>\n","protected":false},"excerpt":{"rendered":"<p>Ferhome Sunumluk Sepet ile misafir ve konuklar\u0131n\u0131za \u015f\u0131k sunumlar yapabilirsiniz.<\/p>\n","protected":false},"featured_media":1057,"comment_status":"open","ping_status":"closed","template":"","meta":[],"product_cat":[50],"product_tag":[],"class_list":["post-78","product","type-product","status-publish","has-post-thumbnail","hentry","product_cat-ferhome-sunumluklar"],"_links":{"self":[{"href":"https:\/\/ferhome.com.tr\/index.php\/wp-json\/wp\/v2\/product\/78","targetHints":{"allow":["GET"]}}],"collection":[{"href":"https:\/\/ferhome.com.tr\/index.php\/wp-json\/wp\/v2\/product"}],"about":[{"href":"https:\/\/ferhome.com.tr\/index.php\/wp-json\/wp\/v2\/types\/product"}],"replies":[{"embeddable":true,"href":"https:\/\/ferhome.com.tr\/index.php\/wp-json\/wp\/v2\/comments?post=78"}],"wp:featuredmedia":[{"embeddable":true,"href":"https:\/\/ferhome.com.tr\/index.php\/wp-json\/wp\/v2\/media\/1057"}],"wp:attachment":[{"href":"https:\/\/ferhome.com.tr\/index.php\/wp-json\/wp\/v2\/media?parent=78"}],"wp:term":[{"taxonomy":"product_cat","embeddable":true,"href":"https:\/\/ferhome.com.tr\/index.php\/wp-json\/wp\/v2\/product_cat?post=78"},{"taxonomy":"product_tag","embeddable":true,"href":"https:\/\/ferhome.com.tr\/index.php\/wp-json\/wp\/v2\/product_tag?post=78"}],"curies":[{"name":"wp","href":"https:\/\/api.w.org\/{rel}","templated":true}]}}