{"id":211,"date":"2020-10-03T17:18:39","date_gmt":"2020-10-03T17:18:39","guid":{"rendered":"http:\/\/klbtheme.com\/medibazar\/?page_id=211"},"modified":"2023-06-16T17:40:38","modified_gmt":"2023-06-16T14:40:38","slug":"about","status":"publish","type":"page","link":"https:\/\/ferhome.com.tr\/index.php\/about\/","title":{"rendered":"Hakk\u0131m\u0131zda"},"content":{"rendered":"\t\t<div data-elementor-type=\"wp-page\" data-elementor-id=\"211\" class=\"elementor elementor-211\">\n\t\t\t\t\t\t\t\t\t<section class=\"elementor-section elementor-top-section elementor-element elementor-element-561f394 elementor-section-full_width elementor-section-height-default elementor-section-height-default\" data-id=\"561f394\" data-element_type=\"section\">\n\t\t\t\t\t\t<div class=\"elementor-container elementor-column-gap-no\">\n\t\t\t\t\t<div class=\"elementor-column elementor-col-100 elementor-top-column elementor-element elementor-element-a322092\" data-id=\"a322092\" data-element_type=\"column\">\n\t\t\t<div class=\"elementor-widget-wrap elementor-element-populated\">\n\t\t\t\t\t\t\t\t<div class=\"elementor-element elementor-element-c63c006 elementor-widget elementor-widget-medibazar-breadcrumb\" data-id=\"c63c006\" data-element_type=\"widget\" data-widget_type=\"medibazar-breadcrumb.default\">\n\t\t\t\t<div class=\"elementor-widget-container\">\n\t\t\t<div class=\"breadcrumb-area pt-125 pb-125\" style=\"background-image:url(https:\/\/ferhome.com.tr\/wp-content\/uploads\/2023\/06\/breadcrumb-1.png)\"><div class=\"container\"><div class=\"klb-breadcrumb-wrapper\"><div class=\"row\"><div class=\"col-xl-12\"><div class=\"breadcrumb-text\"><h2>Hakk\u0131m\u0131zda<\/h2><\/div><\/div><ul class=\"breadcrumb-menu\"><li><a  href=\"https:\/\/ferhome.com.tr\" title=\"Home\" rel=\"bookmark\">Home<\/a> <\/li>  <\/ul><\/div><\/div><\/div><\/div>\t\t<\/div>\n\t\t\t\t<\/div>\n\t\t\t\t\t<\/div>\n\t\t<\/div>\n\t\t\t\t\t\t\t<\/div>\n\t\t<\/section>\n\t\t\t\t<section class=\"elementor-section elementor-top-section elementor-element elementor-element-f2b26de elementor-section-content-middle elementor-section-boxed elementor-section-height-default elementor-section-height-default\" data-id=\"f2b26de\" data-element_type=\"section\">\n\t\t\t\t\t\t<div class=\"elementor-container elementor-column-gap-default\">\n\t\t\t\t\t<div class=\"elementor-column elementor-col-50 elementor-top-column elementor-element elementor-element-8a69543\" data-id=\"8a69543\" data-element_type=\"column\">\n\t\t\t<div class=\"elementor-widget-wrap elementor-element-populated\">\n\t\t\t\t\t\t\t\t<div class=\"elementor-element elementor-element-2925700 elementor-widget elementor-widget-image\" data-id=\"2925700\" data-element_type=\"widget\" data-widget_type=\"image.default\">\n\t\t\t\t<div class=\"elementor-widget-container\">\n\t\t\t<style>\/*! elementor - v3.13.2 - 11-05-2023 *\/\n.elementor-widget-image{text-align:center}.elementor-widget-image a{display:inline-block}.elementor-widget-image a img[src$=\".svg\"]{width:48px}.elementor-widget-image img{vertical-align:middle;display:inline-block}<\/style>\t\t\t\t\t\t\t\t\t\t\t\t<img loading=\"lazy\" decoding=\"async\" width=\"457\" height=\"510\" src=\"https:\/\/ferhome.com.tr\/wp-content\/uploads\/2023\/06\/FerHome-Hakkimizda.jpg\" class=\"attachment-large size-large wp-image-826\" alt=\"\" srcset=\"https:\/\/ferhome.com.tr\/wp-content\/uploads\/2023\/06\/FerHome-Hakkimizda.jpg 457w, https:\/\/ferhome.com.tr\/wp-content\/uploads\/2023\/06\/FerHome-Hakkimizda-269x300.jpg 269w, https:\/\/ferhome.com.tr\/wp-content\/uploads\/2023\/06\/FerHome-Hakkimizda-48x54.jpg 48w\" sizes=\"auto, (max-width: 457px) 100vw, 457px\" \/>\t\t\t\t\t\t\t\t\t\t\t\t\t\t\t<\/div>\n\t\t\t\t<\/div>\n\t\t\t\t\t<\/div>\n\t\t<\/div>\n\t\t\t\t<div class=\"elementor-column elementor-col-50 elementor-top-column elementor-element elementor-element-b10b399\" data-id=\"b10b399\" data-element_type=\"column\">\n\t\t\t<div class=\"elementor-widget-wrap elementor-element-populated\">\n\t\t\t\t\t\t\t\t<div class=\"elementor-element elementor-element-e6147c9 elementor-widget elementor-widget-heading\" data-id=\"e6147c9\" data-element_type=\"widget\" data-widget_type=\"heading.default\">\n\t\t\t\t<div class=\"elementor-widget-container\">\n\t\t\t<style>\/*! elementor - v3.13.2 - 11-05-2023 *\/\n.elementor-heading-title{padding:0;margin:0;line-height:1}.elementor-widget-heading .elementor-heading-title[class*=elementor-size-]>a{color:inherit;font-size:inherit;line-height:inherit}.elementor-widget-heading .elementor-heading-title.elementor-size-small{font-size:15px}.elementor-widget-heading .elementor-heading-title.elementor-size-medium{font-size:19px}.elementor-widget-heading .elementor-heading-title.elementor-size-large{font-size:29px}.elementor-widget-heading .elementor-heading-title.elementor-size-xl{font-size:39px}.elementor-widget-heading .elementor-heading-title.elementor-size-xxl{font-size:59px}<\/style><h2 class=\"elementor-heading-title elementor-size-default\">FerHome<\/h2>\t\t<\/div>\n\t\t\t\t<\/div>\n\t\t\t\t<div class=\"elementor-element elementor-element-5935bb9 elementor-widget elementor-widget-text-editor\" data-id=\"5935bb9\" data-element_type=\"widget\" data-widget_type=\"text-editor.default\">\n\t\t\t\t<div class=\"elementor-widget-container\">\n\t\t\t<style>\/*! elementor - v3.13.2 - 11-05-2023 *\/\n.elementor-widget-text-editor.elementor-drop-cap-view-stacked .elementor-drop-cap{background-color:#69727d;color:#fff}.elementor-widget-text-editor.elementor-drop-cap-view-framed .elementor-drop-cap{color:#69727d;border:3px solid;background-color:transparent}.elementor-widget-text-editor:not(.elementor-drop-cap-view-default) .elementor-drop-cap{margin-top:8px}.elementor-widget-text-editor:not(.elementor-drop-cap-view-default) .elementor-drop-cap-letter{width:1em;height:1em}.elementor-widget-text-editor .elementor-drop-cap{float:left;text-align:center;line-height:1;font-size:50px}.elementor-widget-text-editor .elementor-drop-cap-letter{display:inline-block}<\/style>\t\t\t\t<p>FerHome, evlerinizi g\u00fczelle\u015ftiren ve hayat\u0131n\u0131z\u0131 kolayla\u015ft\u0131ran \u00fcr\u00fcnler sunan bir firmad\u0131r. Amac\u0131m\u0131z, m\u00fc\u015fterilerimize y\u00fcksek kaliteli ve i\u015flevsel ev \u00fcr\u00fcnleri sa\u011flamak ve ev ya\u015fam\u0131n\u0131 daha konforlu hale getirmektir. M\u00fc\u015fteri memnuniyetini odak noktam\u0131z olarak benimseyerek, pratiklik, estetik ve dayan\u0131kl\u0131l\u0131k gibi temel de\u011ferleri bir araya getiriyoruz.<\/p><p>Kalite, FerHome&#8217;un \u00f6ncelikli ilkelerinden biridir. \u00dcr\u00fcnlerimizi \u00fcretirken en kaliteli malzemeleri se\u00e7er ve titizlikle i\u015fleriz. M\u00fc\u015fterilerimize uzun \u00f6m\u00fcrl\u00fc ve g\u00fcvenilir \u00fcr\u00fcnler sunmak i\u00e7in s\u00fcrekli olarak kalite kontrol s\u00fcre\u00e7lerine tabi tutar\u0131z. B\u00f6ylece, FerHome \u00fcr\u00fcnlerinin evlerinizde size uzun y\u0131llar hizmet etmesini sa\u011flar\u0131z.<\/p><p>\u0130\u015flevsellik, tasar\u0131m s\u00fcrecimizin \u00f6nemli bir par\u00e7as\u0131d\u0131r. FerHome olarak, m\u00fc\u015fterilerimizin g\u00fcnl\u00fck hayat\u0131n\u0131 kolayla\u015ft\u0131ran \u00fcr\u00fcnler geli\u015ftirmek i\u00e7in \u00e7aba sarf ederiz. Pratik s\u00fcngerlikler, banyo \u00fcr\u00fcnleri, bardak i\u015faretleyiciler ve di\u011fer \u00fcr\u00fcnlerimiz, kullan\u0131c\u0131lar\u0131n ihtiya\u00e7lar\u0131n\u0131 kar\u015f\u0131lamak ve i\u015fleri daha verimli hale getirmek i\u00e7in \u00f6zel olarak tasarlanm\u0131\u015ft\u0131r. \u00dcr\u00fcnlerimizin her biri, kullan\u0131c\u0131 dostu \u00f6zelliklerle donat\u0131lm\u0131\u015ft\u0131r ve ev ya\u015fam\u0131n\u0131z\u0131 keyifli bir deneyim haline getirmek i\u00e7in tasarlanm\u0131\u015ft\u0131r.<\/p><p>\u00a0<\/p>\t\t\t\t\t\t<\/div>\n\t\t\t\t<\/div>\n\t\t\t\t\t<\/div>\n\t\t<\/div>\n\t\t\t\t\t\t\t<\/div>\n\t\t<\/section>\n\t\t\t\t<section class=\"elementor-section elementor-top-section elementor-element elementor-element-c7b3335 elementor-section-boxed elementor-section-height-default elementor-section-height-default\" data-id=\"c7b3335\" data-element_type=\"section\">\n\t\t\t\t\t\t<div class=\"elementor-container elementor-column-gap-default\">\n\t\t\t\t\t<div class=\"elementor-column elementor-col-100 elementor-top-column elementor-element elementor-element-1ccb91f\" data-id=\"1ccb91f\" data-element_type=\"column\">\n\t\t\t<div class=\"elementor-widget-wrap elementor-element-populated\">\n\t\t\t\t\t\t\t\t<div class=\"elementor-element elementor-element-c2e3998 elementor-widget elementor-widget-text-editor\" data-id=\"c2e3998\" data-element_type=\"widget\" data-widget_type=\"text-editor.default\">\n\t\t\t\t<div class=\"elementor-widget-container\">\n\t\t\t\t\t\t\t<p>Estetik, FerHome \u00fcr\u00fcnlerinin \u00f6nemli bir unsurudur. Evlerinizde \u015f\u0131kl\u0131k ve zarafet yaratmay\u0131 hedefleriz. \u00dcr\u00fcnlerimizin tasar\u0131mlar\u0131, modern ve zarif bir tarz\u0131 yans\u0131t\u0131r. FerHome&#8217;un estetik \u00fcr\u00fcnleri, ev dekorasyonunuza uyum sa\u011flar ve ya\u015fam alanlar\u0131n\u0131za de\u011fer katar. Hem i\u015flevsellik hem de g\u00f6rsel \u00e7ekicilik a\u00e7\u0131s\u0131ndan m\u00fckemmeliyeti hedefleriz.<\/p><p>M\u00fc\u015fteri memnuniyeti, FerHome i\u00e7in en b\u00fcy\u00fck \u00f6nceliktir. M\u00fc\u015fterilerimizin ihtiya\u00e7lar\u0131n\u0131 anlamak ve onlar\u0131n beklentilerini kar\u015f\u0131lamak i\u00e7in \u00e7aba g\u00f6steririz. Sorular\u0131n\u0131za ve taleplerinize h\u0131zl\u0131 ve etkili bir \u015fekilde yan\u0131t veririz. FerHome olarak, uzun vadeli m\u00fc\u015fteri ili\u015fkileri kurmay\u0131 ve her zaman m\u00fc\u015fterilerimizin g\u00fcvenini kazanmay\u0131 hedefleriz.<\/p><p>FerHome olarak, evlerinizi g\u00fczelle\u015ftirmek ve hayat\u0131n\u0131z\u0131 kolayla\u015ft\u0131rmak i\u00e7in \u00f6zveriyle \u00e7al\u0131\u015f\u0131yoruz. Pratiklik, kalite, i\u015flevsellik ve estetik de\u011ferleri temel alarak, ev ya\u015fam\u0131n\u0131z\u0131 daha keyifli bir hale getirmek i\u00e7in s\u00fcrekli olarak \u00fcr\u00fcnlerimizi geli\u015ftiriyoruz. FerHome ile evinizi d\u00f6n\u00fc\u015ft\u00fcr\u00fcn ve ya\u015fam alanlar\u0131n\u0131zda m\u00fckemmeliyeti yakalay\u0131n.<\/p>\t\t\t\t\t\t<\/div>\n\t\t\t\t<\/div>\n\t\t\t\t\t<\/div>\n\t\t<\/div>\n\t\t\t\t\t\t\t<\/div>\n\t\t<\/section>\n\t\t\t\t\t\t\t<\/div>\n\t\t","protected":false},"excerpt":{"rendered":"<p>Hakk\u0131m\u0131zda Home FerHome FerHome, evlerinizi g\u00fczelle\u015ftiren ve hayat\u0131n\u0131z\u0131 kolayla\u015ft\u0131ran \u00fcr\u00fcnler sunan bir firmad\u0131r. Amac\u0131m\u0131z, m\u00fc\u015fterilerimize y\u00fcksek kaliteli ve i\u015flevsel ev \u00fcr\u00fcnleri sa\u011flamak ve ev ya\u015fam\u0131n\u0131 daha konforlu hale getirmektir. M\u00fc\u015fteri memnuniyetini odak noktam\u0131z olarak benimseyerek, pratiklik, estetik ve dayan\u0131kl\u0131l\u0131k gibi temel de\u011ferleri bir araya getiriyoruz. Kalite, FerHome&#8217;un \u00f6ncelikli ilkelerinden biridir. \u00dcr\u00fcnlerimizi \u00fcretirken en kaliteli malzemeleri<\/p>\n<div class=\"klb-readmore\"><a class=\"c-btn\" href=\"https:\/\/ferhome.com.tr\/index.php\/about\/\">daha fazla oku <i class=\"far fa-plus\"><\/i><\/a><\/div>\n","protected":false},"author":1,"featured_media":0,"parent":0,"menu_order":0,"comment_status":"closed","ping_status":"closed","template":"","meta":{"footnotes":""},"class_list":["post-211","page","type-page","status-publish","hentry"],"_links":{"self":[{"href":"https:\/\/ferhome.com.tr\/index.php\/wp-json\/wp\/v2\/pages\/211","targetHints":{"allow":["GET"]}}],"collection":[{"href":"https:\/\/ferhome.com.tr\/index.php\/wp-json\/wp\/v2\/pages"}],"about":[{"href":"https:\/\/ferhome.com.tr\/index.php\/wp-json\/wp\/v2\/types\/page"}],"author":[{"embeddable":true,"href":"https:\/\/ferhome.com.tr\/index.php\/wp-json\/wp\/v2\/users\/1"}],"replies":[{"embeddable":true,"href":"https:\/\/ferhome.com.tr\/index.php\/wp-json\/wp\/v2\/comments?post=211"}],"version-history":[{"count":8,"href":"https:\/\/ferhome.com.tr\/index.php\/wp-json\/wp\/v2\/pages\/211\/revisions"}],"predecessor-version":[{"id":934,"href":"https:\/\/ferhome.com.tr\/index.php\/wp-json\/wp\/v2\/pages\/211\/revisions\/934"}],"wp:attachment":[{"href":"https:\/\/ferhome.com.tr\/index.php\/wp-json\/wp\/v2\/media?parent=211"}],"curies":[{"name":"wp","href":"https:\/\/api.w.org\/{rel}","templated":true}]}}